{"id":165,"date":"2020-03-10T16:03:59","date_gmt":"2020-03-10T15:03:59","guid":{"rendered":"http:\/\/igloo.fr\/?page_id=165"},"modified":"2026-04-14T11:36:10","modified_gmt":"2026-04-14T09:36:10","slug":"citroen","status":"publish","type":"page","link":"http:\/\/igloo.fr\/index.php\/vehicules\/selection-par-marque\/citroen\/","title":{"rendered":"Citro\u00ebn"},"content":{"rendered":"\t\t<div data-elementor-type=\"wp-page\" data-elementor-id=\"165\" class=\"elementor elementor-165\">\n\t\t\t\t\t\t<section class=\"elementor-section elementor-top-section elementor-element elementor-element-33405ac elementor-section-boxed elementor-section-height-default elementor-section-height-default\" data-id=\"33405ac\" data-element_type=\"section\" data-e-type=\"section\">\n\t\t\t\t\t\t<div class=\"elementor-container elementor-column-gap-default\">\n\t\t\t\t\t<div class=\"elementor-column elementor-col-100 elementor-top-column elementor-element elementor-element-638d70b\" data-id=\"638d70b\" data-element_type=\"column\" data-e-type=\"column\">\n\t\t\t<div class=\"elementor-widget-wrap elementor-element-populated\">\n\t\t\t\t\t\t<div class=\"elementor-element elementor-element-388794d elementor-widget elementor-widget-heading\" data-id=\"388794d\" data-element_type=\"widget\" data-e-type=\"widget\" data-widget_type=\"heading.default\">\n\t\t\t\t<div class=\"elementor-widget-container\">\n\t\t\t\t\t<h1 class=\"elementor-heading-title elementor-size-default\">Choisissez le type de v\u00e9hicule<\/h1>\t\t\t\t<\/div>\n\t\t\t\t<\/div>\n\t\t\t\t\t<\/div>\n\t\t<\/div>\n\t\t\t\t\t<\/div>\n\t\t<\/section>\n\t\t\t\t<section class=\"elementor-section elementor-top-section elementor-element elementor-element-c9ac8fd elementor-section-content-bottom elementor-section-stretched elementor-section-full_width elementor-section-height-default elementor-section-height-default\" data-id=\"c9ac8fd\" data-element_type=\"section\" data-e-type=\"section\" data-settings=\"{&quot;stretch_section&quot;:&quot;section-stretched&quot;}\">\n\t\t\t\t\t\t<div class=\"elementor-container elementor-column-gap-wider\">\n\t\t\t\t\t<div class=\"elementor-column elementor-col-100 elementor-top-column elementor-element elementor-element-2757169\" data-id=\"2757169\" data-element_type=\"column\" data-e-type=\"column\">\n\t\t\t<div class=\"elementor-widget-wrap elementor-element-populated\">\n\t\t\t\t\t\t<div class=\"elementor-element elementor-element-f60f463 elementor-widget elementor-widget-image\" data-id=\"f60f463\" data-element_type=\"widget\" data-e-type=\"widget\" data-widget_type=\"image.default\">\n\t\t\t\t<div class=\"elementor-widget-container\">\n\t\t\t\t\t\t\t\t\t\t\t\t\t\t\t\t<a href=\"http:\/\/igloo.fr\/wp-content\/uploads\/2020\/03\/Fiche-CITROEN-BERLINGO-F-V2.pdf\" target=\"_blank\">\n\t\t\t\t\t\t\t<img fetchpriority=\"high\" decoding=\"async\" width=\"361\" height=\"221\" src=\"http:\/\/igloo.fr\/wp-content\/uploads\/2022\/12\/citroen-berlingo-fourgon.png\" class=\"elementor-animation-grow attachment-full size-full wp-image-984\" alt=\"\" srcset=\"http:\/\/igloo.fr\/wp-content\/uploads\/2022\/12\/citroen-berlingo-fourgon.png 361w, http:\/\/igloo.fr\/wp-content\/uploads\/2022\/12\/citroen-berlingo-fourgon-300x184.png 300w\" sizes=\"(max-width: 361px) 100vw, 361px\" \/>\t\t\t\t\t\t\t\t<\/a>\n\t\t\t\t\t\t\t\t\t\t\t\t\t\t\t<\/div>\n\t\t\t\t<\/div>\n\t\t\t\t<div class=\"elementor-element elementor-element-4d5c9c9 elementor-widget elementor-widget-heading\" data-id=\"4d5c9c9\" data-element_type=\"widget\" data-e-type=\"widget\" data-widget_type=\"heading.default\">\n\t\t\t\t<div class=\"elementor-widget-container\">\n\t\t\t\t\t<h2 class=\"elementor-heading-title elementor-size-default\"><a href=\"http:\/\/igloo.fr\/wp-content\/uploads\/2020\/03\/Fiche-CITROEN-BERLINGO-F-V2.pdf\" target=\"_blank\">Citro\u00ebn Berlingo <br>\nFourgon<\/a><\/h2>\t\t\t\t<\/div>\n\t\t\t\t<\/div>\n\t\t\t\t\t<\/div>\n\t\t<\/div>\n\t\t\t\t\t<\/div>\n\t\t<\/section>\n\t\t\t\t<section class=\"elementor-section elementor-top-section elementor-element elementor-element-081d457 elementor-section-boxed elementor-section-height-default elementor-section-height-default\" data-id=\"081d457\" data-element_type=\"section\" data-e-type=\"section\">\n\t\t\t\t\t\t<div class=\"elementor-container elementor-column-gap-default\">\n\t\t\t\t\t<div class=\"elementor-column elementor-col-50 elementor-top-column elementor-element elementor-element-977816b\" data-id=\"977816b\" data-element_type=\"column\" data-e-type=\"column\">\n\t\t\t<div class=\"elementor-widget-wrap elementor-element-populated\">\n\t\t\t\t\t\t<div class=\"elementor-element elementor-element-c954cd3 elementor-widget elementor-widget-image\" data-id=\"c954cd3\" data-element_type=\"widget\" data-e-type=\"widget\" data-widget_type=\"image.default\">\n\t\t\t\t<div class=\"elementor-widget-container\">\n\t\t\t\t\t\t\t\t\t\t\t\t\t\t\t\t<a href=\"http:\/\/igloo.fr\/wp-content\/uploads\/2020\/03\/Fiche-CITROEN-Jumpy-F.pdf\" target=\"_blank\">\n\t\t\t\t\t\t\t<img decoding=\"async\" width=\"366\" height=\"174\" src=\"http:\/\/igloo.fr\/wp-content\/uploads\/2020\/03\/citroen-jumpy-fFichier-1.png\" class=\"elementor-animation-grow attachment-large size-large wp-image-173\" alt=\"\" srcset=\"http:\/\/igloo.fr\/wp-content\/uploads\/2020\/03\/citroen-jumpy-fFichier-1.png 366w, http:\/\/igloo.fr\/wp-content\/uploads\/2020\/03\/citroen-jumpy-fFichier-1-300x143.png 300w\" sizes=\"(max-width: 366px) 100vw, 366px\" \/>\t\t\t\t\t\t\t\t<\/a>\n\t\t\t\t\t\t\t\t\t\t\t\t\t\t\t<\/div>\n\t\t\t\t<\/div>\n\t\t\t\t<div class=\"elementor-element elementor-element-196f99b elementor-widget elementor-widget-heading\" data-id=\"196f99b\" data-element_type=\"widget\" data-e-type=\"widget\" data-widget_type=\"heading.default\">\n\t\t\t\t<div class=\"elementor-widget-container\">\n\t\t\t\t\t<h2 class=\"elementor-heading-title elementor-size-default\"><a href=\"http:\/\/igloo.fr\/wp-content\/uploads\/2020\/03\/Fiche-CITROEN-Jumpy-F.pdf\" target=\"_blank\">Citro\u00ebn Jumpy<br>\nFourgon<\/a><\/h2>\t\t\t\t<\/div>\n\t\t\t\t<\/div>\n\t\t\t\t\t<\/div>\n\t\t<\/div>\n\t\t\t\t<div class=\"elementor-column elementor-col-50 elementor-top-column elementor-element elementor-element-361e16d\" data-id=\"361e16d\" data-element_type=\"column\" data-e-type=\"column\">\n\t\t\t<div class=\"elementor-widget-wrap elementor-element-populated\">\n\t\t\t\t\t\t<div class=\"elementor-element elementor-element-b27cb69 elementor-widget elementor-widget-image\" data-id=\"b27cb69\" data-element_type=\"widget\" data-e-type=\"widget\" data-widget_type=\"image.default\">\n\t\t\t\t<div class=\"elementor-widget-container\">\n\t\t\t\t\t\t\t\t\t\t\t\t\t\t\t\t<a href=\"http:\/\/igloo.fr\/wp-content\/uploads\/2020\/03\/Fiche-CITROEN-JUMPY-PC.pdf\" target=\"_blank\">\n\t\t\t\t\t\t\t<img decoding=\"async\" width=\"487\" height=\"225\" src=\"http:\/\/igloo.fr\/wp-content\/uploads\/2020\/03\/citroen-jumpy-pcFichier-1.png\" class=\"elementor-animation-grow attachment-large size-large wp-image-174\" alt=\"\" srcset=\"http:\/\/igloo.fr\/wp-content\/uploads\/2020\/03\/citroen-jumpy-pcFichier-1.png 487w, http:\/\/igloo.fr\/wp-content\/uploads\/2020\/03\/citroen-jumpy-pcFichier-1-300x139.png 300w\" sizes=\"(max-width: 487px) 100vw, 487px\" \/>\t\t\t\t\t\t\t\t<\/a>\n\t\t\t\t\t\t\t\t\t\t\t\t\t\t\t<\/div>\n\t\t\t\t<\/div>\n\t\t\t\t<div class=\"elementor-element elementor-element-8b07d95 elementor-widget elementor-widget-heading\" data-id=\"8b07d95\" data-element_type=\"widget\" data-e-type=\"widget\" data-widget_type=\"heading.default\">\n\t\t\t\t<div class=\"elementor-widget-container\">\n\t\t\t\t\t<h2 class=\"elementor-heading-title elementor-size-default\"><a href=\"http:\/\/igloo.fr\/wp-content\/uploads\/2020\/03\/Fiche-CITROEN-JUMPY-PC.pdf\" target=\"_blank\">Citro\u00ebn Jumpy<br>\nPlancher Cabine<\/a><\/h2>\t\t\t\t<\/div>\n\t\t\t\t<\/div>\n\t\t\t\t\t<\/div>\n\t\t<\/div>\n\t\t\t\t\t<\/div>\n\t\t<\/section>\n\t\t\t\t<section class=\"elementor-section elementor-top-section elementor-element elementor-element-c146d35 elementor-section-content-bottom elementor-section-stretched elementor-section-full_width elementor-section-height-default elementor-section-height-default\" data-id=\"c146d35\" data-element_type=\"section\" data-e-type=\"section\" data-settings=\"{&quot;stretch_section&quot;:&quot;section-stretched&quot;}\">\n\t\t\t\t\t\t<div class=\"elementor-container elementor-column-gap-wider\">\n\t\t\t\t\t<div class=\"elementor-column elementor-col-33 elementor-top-column elementor-element elementor-element-7f819ae\" data-id=\"7f819ae\" data-element_type=\"column\" data-e-type=\"column\">\n\t\t\t<div class=\"elementor-widget-wrap elementor-element-populated\">\n\t\t\t\t\t\t<div class=\"elementor-element elementor-element-9fd1126 elementor-widget elementor-widget-image\" data-id=\"9fd1126\" data-element_type=\"widget\" data-e-type=\"widget\" data-widget_type=\"image.default\">\n\t\t\t\t<div class=\"elementor-widget-container\">\n\t\t\t\t\t\t\t\t\t\t\t\t\t\t\t\t<a href=\"http:\/\/igloo.fr\/wp-content\/uploads\/2020\/03\/Fiche-CITROEN-Jumper-F.pdf\" target=\"_blank\">\n\t\t\t\t\t\t\t<img loading=\"lazy\" decoding=\"async\" width=\"418\" height=\"297\" src=\"http:\/\/igloo.fr\/wp-content\/uploads\/2022\/12\/citroen-jumper-fourgon.jpg\" class=\"elementor-animation-grow attachment-large size-large wp-image-1000\" alt=\"\" srcset=\"http:\/\/igloo.fr\/wp-content\/uploads\/2022\/12\/citroen-jumper-fourgon.jpg 418w, http:\/\/igloo.fr\/wp-content\/uploads\/2022\/12\/citroen-jumper-fourgon-300x213.jpg 300w\" sizes=\"(max-width: 418px) 100vw, 418px\" \/>\t\t\t\t\t\t\t\t<\/a>\n\t\t\t\t\t\t\t\t\t\t\t\t\t\t\t<\/div>\n\t\t\t\t<\/div>\n\t\t\t\t<div class=\"elementor-element elementor-element-0dbde72 elementor-widget elementor-widget-heading\" data-id=\"0dbde72\" data-element_type=\"widget\" data-e-type=\"widget\" data-widget_type=\"heading.default\">\n\t\t\t\t<div class=\"elementor-widget-container\">\n\t\t\t\t\t<h2 class=\"elementor-heading-title elementor-size-default\"><a href=\"http:\/\/igloo.fr\/wp-content\/uploads\/2020\/03\/Fiche-CITROEN-Jumper-F.pdf\" target=\"_blank\">Citro\u00ebn Jumper <br>Fourgon<\/a><\/h2>\t\t\t\t<\/div>\n\t\t\t\t<\/div>\n\t\t\t\t\t<\/div>\n\t\t<\/div>\n\t\t\t\t<div class=\"elementor-column elementor-col-33 elementor-top-column elementor-element elementor-element-5075180\" data-id=\"5075180\" data-element_type=\"column\" data-e-type=\"column\">\n\t\t\t<div class=\"elementor-widget-wrap elementor-element-populated\">\n\t\t\t\t\t\t<div class=\"elementor-element elementor-element-5ad754e elementor-widget elementor-widget-image\" data-id=\"5ad754e\" data-element_type=\"widget\" data-e-type=\"widget\" data-widget_type=\"image.default\">\n\t\t\t\t<div class=\"elementor-widget-container\">\n\t\t\t\t\t\t\t\t\t\t\t\t\t\t\t\t<a href=\"http:\/\/igloo.fr\/wp-content\/uploads\/2020\/03\/Fiche-CITROEN-JUMPER-PC.pdf\" target=\"_blank\">\n\t\t\t\t\t\t\t<img loading=\"lazy\" decoding=\"async\" width=\"418\" height=\"297\" src=\"http:\/\/igloo.fr\/wp-content\/uploads\/2022\/12\/citroen-jumper-plancher-cabine.jpg\" class=\"elementor-animation-grow attachment-large size-large wp-image-1010\" alt=\"\" srcset=\"http:\/\/igloo.fr\/wp-content\/uploads\/2022\/12\/citroen-jumper-plancher-cabine.jpg 418w, http:\/\/igloo.fr\/wp-content\/uploads\/2022\/12\/citroen-jumper-plancher-cabine-300x213.jpg 300w\" sizes=\"(max-width: 418px) 100vw, 418px\" \/>\t\t\t\t\t\t\t\t<\/a>\n\t\t\t\t\t\t\t\t\t\t\t\t\t\t\t<\/div>\n\t\t\t\t<\/div>\n\t\t\t\t<div class=\"elementor-element elementor-element-653ab1f elementor-widget elementor-widget-heading\" data-id=\"653ab1f\" data-element_type=\"widget\" data-e-type=\"widget\" data-widget_type=\"heading.default\">\n\t\t\t\t<div class=\"elementor-widget-container\">\n\t\t\t\t\t<h2 class=\"elementor-heading-title elementor-size-default\"><a href=\"http:\/\/igloo.fr\/wp-content\/uploads\/2020\/03\/Fiche-Citroen-jumper-CC.pdf\" target=\"_blank\">Citro\u00ebn Jumper <br>Plancher Cabine<\/a><\/h2>\t\t\t\t<\/div>\n\t\t\t\t<\/div>\n\t\t\t\t\t<\/div>\n\t\t<\/div>\n\t\t\t\t<div class=\"elementor-column elementor-col-33 elementor-top-column elementor-element elementor-element-2d36f58\" data-id=\"2d36f58\" data-element_type=\"column\" data-e-type=\"column\">\n\t\t\t<div class=\"elementor-widget-wrap elementor-element-populated\">\n\t\t\t\t\t\t<div class=\"elementor-element elementor-element-f050db8 elementor-widget elementor-widget-image\" data-id=\"f050db8\" data-element_type=\"widget\" data-e-type=\"widget\" data-widget_type=\"image.default\">\n\t\t\t\t<div class=\"elementor-widget-container\">\n\t\t\t\t\t\t\t\t\t\t\t\t\t\t\t\t<a href=\"http:\/\/igloo.fr\/index.php\/vehicules\/citroen\/citroen-jumper-chassis-cabine\/\" target=\"_blank\">\n\t\t\t\t\t\t\t<img loading=\"lazy\" decoding=\"async\" width=\"418\" height=\"297\" src=\"http:\/\/igloo.fr\/wp-content\/uploads\/2022\/12\/citroen-jumper-chassis-cabine.png\" class=\"elementor-animation-grow attachment-large size-large wp-image-993\" alt=\"\" srcset=\"http:\/\/igloo.fr\/wp-content\/uploads\/2022\/12\/citroen-jumper-chassis-cabine.png 418w, http:\/\/igloo.fr\/wp-content\/uploads\/2022\/12\/citroen-jumper-chassis-cabine-300x213.png 300w\" sizes=\"(max-width: 418px) 100vw, 418px\" \/>\t\t\t\t\t\t\t\t<\/a>\n\t\t\t\t\t\t\t\t\t\t\t\t\t\t\t<\/div>\n\t\t\t\t<\/div>\n\t\t\t\t<div class=\"elementor-element elementor-element-7f3fada elementor-widget elementor-widget-heading\" data-id=\"7f3fada\" data-element_type=\"widget\" data-e-type=\"widget\" data-widget_type=\"heading.default\">\n\t\t\t\t<div class=\"elementor-widget-container\">\n\t\t\t\t\t<h2 class=\"elementor-heading-title elementor-size-default\"><a href=\"http:\/\/igloo.fr\/wp-content\/uploads\/2020\/03\/Fiche-Citroen-jumper-CC.pdf\" target=\"_blank\">Citro\u00ebn Jumper <br>Chassis Cabine<\/a><\/h2>\t\t\t\t<\/div>\n\t\t\t\t<\/div>\n\t\t\t\t\t<\/div>\n\t\t<\/div>\n\t\t\t\t\t<\/div>\n\t\t<\/section>\n\t\t\t\t<\/div>\n\t\t","protected":false},"excerpt":{"rendered":"<p>Choisissez le type de v\u00e9hicule Citro\u00ebn Berlingo Fourgon Citro\u00ebn Jumpy Fourgon Citro\u00ebn Jumpy Plancher Cabine Citro\u00ebn Jumper Fourgon Citro\u00ebn Jumper Plancher Cabine Citro\u00ebn Jumper Chassis Cabine<\/p>\n","protected":false},"author":1,"featured_media":0,"parent":715,"menu_order":0,"comment_status":"closed","ping_status":"closed","template":"","meta":{"ocean_post_layout":"","ocean_both_sidebars_style":"","ocean_both_sidebars_content_width":0,"ocean_both_sidebars_sidebars_width":0,"ocean_sidebar":"0","ocean_second_sidebar":"0","ocean_disable_margins":"enable","ocean_add_body_class":"","ocean_shortcode_before_top_bar":"","ocean_shortcode_after_top_bar":"","ocean_shortcode_before_header":"","ocean_shortcode_after_header":"","ocean_has_shortcode":"","ocean_shortcode_after_title":"","ocean_shortcode_before_footer_widgets":"","ocean_shortcode_after_footer_widgets":"","ocean_shortcode_before_footer_bottom":"","ocean_shortcode_after_footer_bottom":"","ocean_display_top_bar":"default","ocean_display_header":"default","ocean_header_style":"","ocean_center_header_left_menu":"","ocean_custom_header_template":"","ocean_custom_logo":0,"ocean_custom_retina_logo":0,"ocean_custom_logo_max_width":0,"ocean_custom_logo_tablet_max_width":0,"ocean_custom_logo_mobile_max_width":0,"ocean_custom_logo_max_height":0,"ocean_custom_logo_tablet_max_height":0,"ocean_custom_logo_mobile_max_height":0,"ocean_header_custom_menu":"0","ocean_menu_typo_font_family":"","ocean_menu_typo_font_subset":"","ocean_menu_typo_font_size":0,"ocean_menu_typo_font_size_tablet":0,"ocean_menu_typo_font_size_mobile":0,"ocean_menu_typo_font_size_unit":"px","ocean_menu_typo_font_weight":"","ocean_menu_typo_font_weight_tablet":"","ocean_menu_typo_font_weight_mobile":"","ocean_menu_typo_transform":"","ocean_menu_typo_transform_tablet":"","ocean_menu_typo_transform_mobile":"","ocean_menu_typo_line_height":0,"ocean_menu_typo_line_height_tablet":0,"ocean_menu_typo_line_height_mobile":0,"ocean_menu_typo_line_height_unit":"","ocean_menu_typo_spacing":0,"ocean_menu_typo_spacing_tablet":0,"ocean_menu_typo_spacing_mobile":0,"ocean_menu_typo_spacing_unit":"","ocean_menu_link_color":"","ocean_menu_link_color_hover":"","ocean_menu_link_color_active":"","ocean_menu_link_background":"","ocean_menu_link_hover_background":"","ocean_menu_link_active_background":"","ocean_menu_social_links_bg":"","ocean_menu_social_hover_links_bg":"","ocean_menu_social_links_color":"","ocean_menu_social_hover_links_color":"","ocean_disable_title":"default","ocean_disable_heading":"default","ocean_post_title":"","ocean_post_subheading":"","ocean_post_title_style":"","ocean_post_title_background_color":"","ocean_post_title_background":0,"ocean_post_title_bg_image_position":"","ocean_post_title_bg_image_attachment":"","ocean_post_title_bg_image_repeat":"","ocean_post_title_bg_image_size":"","ocean_post_title_height":0,"ocean_post_title_bg_overlay":0.5,"ocean_post_title_bg_overlay_color":"","ocean_disable_breadcrumbs":"default","ocean_breadcrumbs_color":"","ocean_breadcrumbs_separator_color":"","ocean_breadcrumbs_links_color":"","ocean_breadcrumbs_links_hover_color":"","ocean_display_footer_widgets":"default","ocean_display_footer_bottom":"default","ocean_custom_footer_template":"","footnotes":""},"class_list":["post-165","page","type-page","status-publish","hentry","entry"],"_links":{"self":[{"href":"http:\/\/igloo.fr\/index.php\/wp-json\/wp\/v2\/pages\/165","targetHints":{"allow":["GET"]}}],"collection":[{"href":"http:\/\/igloo.fr\/index.php\/wp-json\/wp\/v2\/pages"}],"about":[{"href":"http:\/\/igloo.fr\/index.php\/wp-json\/wp\/v2\/types\/page"}],"author":[{"embeddable":true,"href":"http:\/\/igloo.fr\/index.php\/wp-json\/wp\/v2\/users\/1"}],"replies":[{"embeddable":true,"href":"http:\/\/igloo.fr\/index.php\/wp-json\/wp\/v2\/comments?post=165"}],"version-history":[{"count":58,"href":"http:\/\/igloo.fr\/index.php\/wp-json\/wp\/v2\/pages\/165\/revisions"}],"predecessor-version":[{"id":1808,"href":"http:\/\/igloo.fr\/index.php\/wp-json\/wp\/v2\/pages\/165\/revisions\/1808"}],"up":[{"embeddable":true,"href":"http:\/\/igloo.fr\/index.php\/wp-json\/wp\/v2\/pages\/715"}],"wp:attachment":[{"href":"http:\/\/igloo.fr\/index.php\/wp-json\/wp\/v2\/media?parent=165"}],"curies":[{"name":"wp","href":"https:\/\/api.w.org\/{rel}","templated":true}]}}